{"id":8,"date":"2026-04-02T20:00:32","date_gmt":"2026-04-02T20:00:32","guid":{"rendered":"https:\/\/www.voltak.pl\/?page_id=8"},"modified":"2026-04-03T10:00:17","modified_gmt":"2026-04-03T10:00:17","slug":"home","status":"publish","type":"page","link":"https:\/\/www.voltak.pl\/","title":{"rendered":"Pomiary elektryczne \u0141\u00f3d\u017a | PV | Uziemienia | Voltak"},"content":{"rendered":"<div class=\"et_pb_section_0 et_pb_section et_section_regular et_block_section\">\n<div class=\"et_pb_row_0 et_pb_row et_block_row\">\n<div class=\"et_pb_column_0 et_pb_column et_pb_column_4_4 et-last-child et_block_column et_pb_css_mix_blend_mode_passthrough\">\n<div class=\"et_pb_text_0 et_pb_text et_pb_bg_layout_light et_pb_module et_block_module preset--module--divi-text--d72c0383-6487-4f2c-ac5c-7d48a6376757\"><div class=\"et_pb_text_inner\"><h1>Pomiary elektryczne<\/h1>\n<h1>przegl\u0105dy PV<\/h1>\n<h1>Odbiory instalacji<\/h1>\n<h1>\u0141\u00f3d\u017a<\/h1>\n<\/div><\/div>\n\n<div class=\"et_pb_text_1 et_pb_text et_pb_bg_layout_light et_pb_module et_flex_module\"><div class=\"et_pb_text_inner\"><blockquote data-start=\"601\" data-end=\"681\">\n<p data-start=\"603\" data-end=\"681\">Protoko\u0142y, pomiary zgodne z normami, kontrola instalacji i odbiory techniczne.<\/p>\n<\/blockquote>\n<p data-start=\"683\" data-end=\"734\">\n<\/div><\/div>\n<\/div>\n<\/div>\n\n<div class=\"et_pb_row_1 et_pb_row et_flex_row\">\n<div class=\"et_pb_column_1 et_pb_column et_flex_column et_pb_css_mix_blend_mode_passthrough et_flex_column_12_24 et_flex_column_12_24_tablet et_flex_column_24_24_phone\">\n<div class=\"et_pb_module et_pb_button_module_wrapper et_pb_button_0_wrapper preset--module--divi-button--a93bd5f4-85ca-4af8-aab9-5954042d5969_wrapper\"><a class=\"et_pb_button_0 et_pb_button et_pb_bg_layout_light et_pb_module et_block_module preset--module--divi-button--a93bd5f4-85ca-4af8-aab9-5954042d5969\" href=\"\">Wy\u015blij zapytanie<\/a><\/div>\n<\/div>\n\n<div class=\"et_pb_column_2 et_pb_column et-last-child et_flex_column et_pb_css_mix_blend_mode_passthrough et_flex_column_12_24 et_flex_column_12_24_tablet et_flex_column_24_24_phone\">\n<div class=\"et_pb_module et_pb_button_module_wrapper et_pb_button_1_wrapper preset--module--divi-button--a93bd5f4-85ca-4af8-aab9-5954042d5969_wrapper\"><a class=\"et_pb_button_1 et_pb_button et_pb_bg_layout_light et_pb_module et_block_module preset--module--divi-button--a93bd5f4-85ca-4af8-aab9-5954042d5969\" href=\"\">Zadzwo\u0144<\/a><\/div>\n<\/div>\n<\/div>\n<\/div>\n\n<div class=\"et_pb_section_1 et_pb_section et_section_regular et_block_section\">\n<div class=\"et_pb_row_2 et_pb_row et_flex_row\">\n<div class=\"et_pb_column_3 et_pb_column et_block_column et_pb_css_mix_blend_mode_passthrough et_flex_column_8_24 et_flex_column_8_24_tablet et_flex_column_24_24_phone\">\n<div class=\"et_pb_image_0 et_pb_image et_pb_module et_block_module\"><span class=\"et_pb_image_wrap\"><img loading=\"lazy\" decoding=\"async\" src=\"http:\/\/www.voltak.pl\/wp-content\/uploads\/2026\/04\/man-electrical-technician-working-switchboard-with-fuses-1_2.webp\" title=\"man-electrical-technician-working-switchboard-with-fuses (1)_2\" width=\"1619\" height=\"1079\" srcset=\"http:\/\/www.voltak.pl\/wp-content\/uploads\/2026\/04\/man-electrical-technician-working-switchboard-with-fuses-1_2.webp 1619w, http:\/\/www.voltak.pl\/wp-content\/uploads\/2026\/04\/man-electrical-technician-working-switchboard-with-fuses-1_2-1280x853.webp 1280w, http:\/\/www.voltak.pl\/wp-content\/uploads\/2026\/04\/man-electrical-technician-working-switchboard-with-fuses-1_2-980x653.webp 980w, http:\/\/www.voltak.pl\/wp-content\/uploads\/2026\/04\/man-electrical-technician-working-switchboard-with-fuses-1_2-480x320.webp 480w\" sizes=\"(min-width: 0px) and (max-width: 480px) 480px, (min-width: 481px) and (max-width: 980px) 980px, (min-width: 981px) and (max-width: 1280px) 1280px, (min-width: 1281px) 1619px, 100vw\" class=\"wp-image-58\" \/><\/span><\/div>\n\n<div class=\"et_pb_text_2 et_pb_text et_pb_bg_layout_light et_pb_module et_block_module preset--module--divi-text--3a5fa9a7-7987-4564-89a5-37b87a5b6ad8\"><div class=\"et_pb_text_inner\"><h3>Pomiary i odbiory instalacji<\/h3>\n<\/div><\/div>\n\n<div class=\"et_pb_text_3 et_pb_text et_pb_bg_layout_light et_pb_module et_block_module preset--module--divi-text--aec0be99-8a53-4f75-abf2-64f29a8b4cc2\"><div class=\"et_pb_text_inner\"><ul>\n<li data-section-id=\"v561w\" data-start=\"1159\" data-end=\"1177\">pomiary okresowe<\/li>\n<li data-section-id=\"lddz6p\" data-start=\"1178\" data-end=\"1198\">przegl\u0105dy 5-letnie<\/li>\n<li data-section-id=\"13k4b2d\" data-start=\"1199\" data-end=\"1216\">pomiary PV i EV<\/li>\n<li data-section-id=\"1eotqv5\" data-start=\"1217\" data-end=\"1228\">protoko\u0142y<\/li>\n<\/ul>\n<\/div><\/div>\n<\/div>\n\n<div class=\"et_pb_column_4 et_pb_column et_block_column et_pb_css_mix_blend_mode_passthrough et_flex_column_8_24 et_flex_column_8_24_tablet et_flex_column_24_24_phone\">\n<div class=\"et_pb_image_1 et_pb_image et_pb_module et_block_module\"><span class=\"et_pb_image_wrap\"><img loading=\"lazy\" decoding=\"async\" src=\"http:\/\/www.voltak.pl\/wp-content\/uploads\/2026\/04\/m2020-01-10_12-45-59.jpg\" title=\"m2020-01-10_12-45-59\" width=\"1199\" height=\"800\" srcset=\"http:\/\/www.voltak.pl\/wp-content\/uploads\/2026\/04\/m2020-01-10_12-45-59.jpg 1199w, http:\/\/www.voltak.pl\/wp-content\/uploads\/2026\/04\/m2020-01-10_12-45-59-980x654.jpg 980w, http:\/\/www.voltak.pl\/wp-content\/uploads\/2026\/04\/m2020-01-10_12-45-59-480x320.jpg 480w\" sizes=\"(min-width: 0px) and (max-width: 480px) 480px, (min-width: 481px) and (max-width: 980px) 980px, (min-width: 981px) 1199px, 100vw\" class=\"wp-image-36\" \/><\/span><\/div>\n\n<div class=\"et_pb_text_4 et_pb_text et_pb_bg_layout_light et_pb_module et_block_module preset--module--divi-text--3a5fa9a7-7987-4564-89a5-37b87a5b6ad8\"><div class=\"et_pb_text_inner\"><h3>Fotowoltaika, uziemienia i wallboxy<\/h3>\n<\/div><\/div>\n\n<div class=\"et_pb_text_5 et_pb_text et_pb_bg_layout_light et_pb_module et_block_module preset--module--divi-text--aec0be99-8a53-4f75-abf2-64f29a8b4cc2\"><div class=\"et_pb_text_inner\"><ul>\n<li data-section-id=\"1cdoaqo\" data-start=\"1326\" data-end=\"1340\">przegl\u0105dy PV<\/li>\n<li data-section-id=\"19fd7y7\" data-start=\"1341\" data-end=\"1359\">pomiary uziemie\u0144<\/li>\n<li data-section-id=\"f5sa8a\" data-start=\"1360\" data-end=\"1378\">monta\u017c wallbox\u00f3w<\/li>\n<li data-section-id=\"1c1uqo2\" data-start=\"1379\" data-end=\"1405\">przygotowanie instalacji<\/li>\n<\/ul>\n<\/div><\/div>\n<\/div>\n\n<div class=\"et_pb_column_5 et_pb_column et-last-child et_block_column et_pb_css_mix_blend_mode_passthrough et_flex_column_8_24 et_flex_column_8_24_tablet et_flex_column_24_24_phone\">\n<div class=\"et_pb_image_2 et_pb_image et_pb_module et_block_module\"><span class=\"et_pb_image_wrap\"><img loading=\"lazy\" decoding=\"async\" src=\"http:\/\/www.voltak.pl\/wp-content\/uploads\/2026\/04\/electrician-hand-voltmeter-checking-electric-current-voltage-circuit-breaker_2.webp\" title=\"electrician-hand-voltmeter-checking-electric-current-voltage-circuit-breaker_2\" width=\"1642\" height=\"1094\" srcset=\"http:\/\/www.voltak.pl\/wp-content\/uploads\/2026\/04\/electrician-hand-voltmeter-checking-electric-current-voltage-circuit-breaker_2.webp 1642w, http:\/\/www.voltak.pl\/wp-content\/uploads\/2026\/04\/electrician-hand-voltmeter-checking-electric-current-voltage-circuit-breaker_2-1280x853.webp 1280w, http:\/\/www.voltak.pl\/wp-content\/uploads\/2026\/04\/electrician-hand-voltmeter-checking-electric-current-voltage-circuit-breaker_2-980x653.webp 980w, http:\/\/www.voltak.pl\/wp-content\/uploads\/2026\/04\/electrician-hand-voltmeter-checking-electric-current-voltage-circuit-breaker_2-480x320.webp 480w\" sizes=\"(min-width: 0px) and (max-width: 480px) 480px, (min-width: 481px) and (max-width: 980px) 980px, (min-width: 981px) and (max-width: 1280px) 1280px, (min-width: 1281px) 1642px, 100vw\" class=\"wp-image-54\" \/><\/span><\/div>\n\n<div class=\"et_pb_text_6 et_pb_text et_pb_bg_layout_light et_pb_module et_block_module preset--module--divi-text--3a5fa9a7-7987-4564-89a5-37b87a5b6ad8\"><div class=\"et_pb_text_inner\"><h3>Monta\u017c, modernizacja<\/h3>\n<\/div><\/div>\n\n<div class=\"et_pb_text_7 et_pb_text et_pb_bg_layout_light et_pb_module et_block_module preset--module--divi-text--aec0be99-8a53-4f75-abf2-64f29a8b4cc2\"><div class=\"et_pb_text_inner\"><ul>\n<li data-section-id=\"f4u1oz\" data-start=\"1470\" data-end=\"1489\">monta\u017c rozdzielni<\/li>\n<li data-section-id=\"r1s337\" data-start=\"1490\" data-end=\"1511\">konsultacje przed remontem<\/li>\n<li data-section-id=\"168bgfg\" data-start=\"1541\" data-end=\"1559\">dob\u00f3r instalacji<\/li>\n<\/ul>\n<\/div><\/div>\n<\/div>\n<\/div>\n<\/div>\n\n<div class=\"et_pb_section_2 et_pb_section et_section_regular et_block_section\">\n<div class=\"et_pb_row_3 et_pb_row et_block_row\">\n<div class=\"et_pb_column_6 et_pb_column et_pb_column_1_2 et_block_column et_pb_column_empty et_pb_css_mix_blend_mode_passthrough\"><\/div>\n\n<div class=\"et_pb_column_7 et_pb_column et_pb_column_1_2 et-last-child et_block_column et_pb_css_mix_blend_mode_passthrough\">\n<div class=\"et_pb_text_8 et_pb_text et_pb_bg_layout_light et_pb_module et_block_module preset--module--divi-text--32021f09-dd67-47fb-8f9a-832b72a38baf\"><div class=\"et_pb_text_inner\"><h2>Nie tylko wykonujemy \u2013 sprawdzamy jako\u015b\u0107 instalacji<\/h2>\n<\/div><\/div>\n\n<div class=\"et_pb_blurb_0 et_pb_blurb et_pb_bg_layout_light et_pb_blurb_position_left et_pb_module et_block_module preset--module--divi-blurb--5635b989-66d4-4674-b533-7c2fe71428fb\"><div class=\"et_pb_blurb_content\"><div class=\"et_pb_main_blurb_image\"><span class=\"et_pb_image_wrap\"><span class=\"et-pb-icon\">R<\/span><\/span><\/div><div class=\"et_pb_blurb_container\"><h5 class=\"et_pb_module_header\">kontrole instalacji elektrycznej<\/h5><\/div><\/div><\/div>\n\n<div class=\"et_pb_blurb_1 et_pb_blurb et_pb_bg_layout_light et_pb_blurb_position_left et_pb_module et_block_module preset--module--divi-blurb--5635b989-66d4-4674-b533-7c2fe71428fb\"><div class=\"et_pb_blurb_content\"><div class=\"et_pb_main_blurb_image\"><span class=\"et_pb_image_wrap\"><span class=\"et-pb-icon\">R<\/span><\/span><\/div><div class=\"et_pb_blurb_container\"><h5 class=\"et_pb_module_header\">weryfikacje b\u0142\u0119d\u00f3w \/ usterek<\/h5><\/div><\/div><\/div>\n\n<div class=\"et_pb_blurb_2 et_pb_blurb et_pb_bg_layout_light et_pb_blurb_position_left et_pb_module et_block_module preset--module--divi-blurb--5635b989-66d4-4674-b533-7c2fe71428fb\"><div class=\"et_pb_blurb_content\"><div class=\"et_pb_main_blurb_image\"><span class=\"et_pb_image_wrap\"><span class=\"et-pb-icon\">R<\/span><\/span><\/div><div class=\"et_pb_blurb_container\"><h5 class=\"et_pb_module_header\">przygotowanie do odbior\u00f3w<\/h5><\/div><\/div><\/div>\n\n<div class=\"et_pb_module et_pb_button_module_wrapper et_pb_button_2_wrapper preset--module--divi-button--a93bd5f4-85ca-4af8-aab9-5954042d5969_wrapper\"><a class=\"et_pb_button_2 et_pb_button et_pb_bg_layout_light et_pb_module et_block_module preset--module--divi-button--a93bd5f4-85ca-4af8-aab9-5954042d5969\" href=\"\">Zadzwo\u0144<\/a><\/div>\n<\/div>\n<\/div>\n<\/div>\n\n<div class=\"et_pb_section_3 et_pb_section et_section_regular et_block_section\">\n<div class=\"et_pb_row_4 et_pb_row et_flex_row\">\n<div class=\"et_pb_column_8 et_pb_column et-last-child et_block_column et_pb_css_mix_blend_mode_passthrough et_flex_column_24_24 et_flex_column_24_24_tablet et_flex_column_24_24_phone\">\n<div class=\"et_pb_text_9 et_pb_text et_pb_bg_layout_light et_pb_module et_block_module preset--module--divi-text--3a5fa9a7-7987-4564-89a5-37b87a5b6ad8\"><div class=\"et_pb_text_inner\"><h3>FAQ<\/h3>\n<\/div><\/div>\n\n<div class=\"et_pb_accordion_0 et_pb_accordion et_pb_module et_block_module\">\n<div class=\"et_pb_accordion_item_0 et_pb_accordion_item et_pb_toggle et_pb_module et_pb_toggle_open et_block_module\"><h5 class=\"et_pb_toggle_title\">Czy pomiary instalacji elektrycznej s\u0105 obowi\u0105zkowe?<\/h5><div class=\"et_pb_toggle_content\"><p data-start=\"316\" data-end=\"383\">Tak. Obowi\u0105zek okresowej kontroli instalacji elektrycznej wynika z:<\/p>\n<ul data-start=\"385\" data-end=\"484\">\n<li data-section-id=\"726963\" data-start=\"385\" data-end=\"436\"><span class=\"hover:entity-accent entity-underline inline cursor-pointer align-baseline\"><span class=\"whitespace-normal\">Prawo budowlane<\/span><\/span> \u2013 art. 62<\/li>\n<li data-section-id=\"mytctu\" data-start=\"437\" data-end=\"484\">normy <span class=\"hover:entity-accent entity-underline inline cursor-pointer align-baseline\"><span class=\"whitespace-normal\">PN-HD 60364<\/span><\/span><\/li>\n<\/ul>\n<p data-start=\"486\" data-end=\"571\">Instalacja powinna by\u0107 utrzymywana w stanie zapewniaj\u0105cym bezpiecze\u0144stwo u\u017cytkowania.<\/p>\n<p data-start=\"573\" data-end=\"610\">Pomiary s\u0105 r\u00f3wnie\u017c wymagane przez:<\/p>\n<ul data-start=\"611\" data-end=\"690\">\n<li data-section-id=\"1b0k4gm\" data-start=\"611\" data-end=\"630\">ubezpieczycieli<\/li>\n<li data-section-id=\"1j9v2un\" data-start=\"631\" data-end=\"658\">zarz\u0105dc\u00f3w nieruchomo\u015bci<\/li>\n<li data-section-id=\"v6gnmw\" data-start=\"659\" data-end=\"690\">odbiory techniczne budynk\u00f3w<\/li>\n<\/ul>\n<\/div><\/div>\n\n<div class=\"et_pb_accordion_item_1 et_pb_accordion_item et_pb_toggle et_pb_module et_pb_toggle_close et_block_module\"><h5 class=\"et_pb_toggle_title\">Co ile lat nale\u017cy wykonywa\u0107 pomiary instalacji elektrycznej?<\/h5><div class=\"et_pb_toggle_content\"><p data-start=\"766\" data-end=\"814\">Zgodnie z <span class=\"hover:entity-accent entity-underline inline cursor-pointer align-baseline\"><span class=\"whitespace-normal\">Prawo budowlane<\/span><\/span>:<\/p>\n<ul data-start=\"816\" data-end=\"892\">\n<li data-section-id=\"6bvggv\" data-start=\"816\" data-end=\"892\"><strong data-start=\"818\" data-end=\"842\">co najmniej co 5 lat<\/strong> nale\u017cy wykona\u0107 kontrol\u0119 instalacji elektrycznej<\/li>\n<\/ul>\n<p data-start=\"894\" data-end=\"923\">Zakres bada\u0144 okre\u015blaj\u0105 normy:<\/p>\n<ul data-start=\"924\" data-end=\"1007\">\n<li data-section-id=\"cgv1px\" data-start=\"924\" data-end=\"965\"><span class=\"hover:entity-accent entity-underline inline cursor-pointer align-baseline\"><span class=\"whitespace-normal\">PN-HD 60364-6<\/span><\/span><\/li>\n<li data-section-id=\"eyrt5h\" data-start=\"966\" data-end=\"1007\"><span class=\"hover:entity-accent entity-underline inline cursor-pointer align-baseline\"><span class=\"whitespace-normal\">PN-EN 61557<\/span><\/span><\/li>\n<\/ul>\n<p data-start=\"1009\" data-end=\"1023\">W praktyce:<\/p>\n<ul data-start=\"1024\" data-end=\"1132\">\n<li data-section-id=\"6hizwr\" data-start=\"1024\" data-end=\"1069\">obiekty przemys\u0142owe i wilgotne \u2013 cz\u0119\u015bciej<\/li>\n<li data-section-id=\"1gmy7td\" data-start=\"1070\" data-end=\"1132\">wsp\u00f3lnoty \u2013 cz\u0119sto wg zalece\u0144 zarz\u0105dcy lub ubezpieczyciela<\/li>\n<\/ul>\n<\/div><\/div>\n\n<div class=\"et_pb_accordion_item_2 et_pb_accordion_item et_pb_toggle et_pb_module et_pb_toggle_close et_block_module\"><h5 class=\"et_pb_toggle_title\">Po co wykonuje si\u0119 pomiary elektryczne?<\/h5><div class=\"et_pb_toggle_content\"><p data-start=\"1187\" data-end=\"1255\">Celem pomiar\u00f3w jest weryfikacja bezpiecze\u0144stwa instalacji zgodnie z:<\/p>\n<ul data-start=\"1257\" data-end=\"1340\">\n<li data-section-id=\"hjs5dh\" data-start=\"1257\" data-end=\"1298\"><span class=\"hover:entity-accent entity-underline inline cursor-pointer align-baseline\"><span class=\"whitespace-normal\">PN-HD 60364<\/span><\/span><\/li>\n<li data-section-id=\"pzvh1x\" data-start=\"1299\" data-end=\"1340\"><span class=\"hover:entity-accent entity-underline inline cursor-pointer align-baseline\"><span class=\"whitespace-normal\">PN-HD 60364-4-41<\/span><\/span><\/li>\n<\/ul>\n<p data-start=\"1342\" data-end=\"1361\">Pomiary sprawdzaj\u0105:<\/p>\n<ul data-start=\"1362\" data-end=\"1478\">\n<li data-section-id=\"1ghhrx7\" data-start=\"1362\" data-end=\"1405\">skuteczno\u015b\u0107 ochrony przeciwpora\u017ceniowej<\/li>\n<li data-section-id=\"1hl8vv8\" data-start=\"1406\" data-end=\"1433\">stan izolacji przewod\u00f3w<\/li>\n<li data-section-id=\"1otibqo\" data-start=\"1434\" data-end=\"1478\">dzia\u0142anie zabezpiecze\u0144 (RCD, wy\u0142\u0105czniki)<\/li>\n<\/ul>\n<p data-start=\"1480\" data-end=\"1508\">Dzi\u0119ki temu mo\u017cna wykry\u0107:<\/p>\n<ul data-start=\"1509\" data-end=\"1594\">\n<li data-section-id=\"z3vwht\" data-start=\"1509\" data-end=\"1535\">uszkodzenia instalacji<\/li>\n<li data-section-id=\"s91q0y\" data-start=\"1536\" data-end=\"1556\">b\u0142\u0119dy wykonawcze<\/li>\n<li data-section-id=\"e4nm1p\" data-start=\"1557\" data-end=\"1594\">zagro\u017cenia po\u017carowe i pora\u017ceniowe<\/li>\n<\/ul>\n<\/div><\/div>\n\n<div class=\"et_pb_accordion_item_3 et_pb_accordion_item et_pb_toggle et_pb_module et_pb_toggle_close et_block_module\"><h5 class=\"et_pb_toggle_title\">Czy pomiary s\u0105 konieczne przy instalacji fotowoltaicznej (PV)?<\/h5><div class=\"et_pb_toggle_content\"><p data-start=\"1672\" data-end=\"1722\">Tak. Instalacje PV wymagaj\u0105 sprawdzenia zgodnie z:<\/p>\n<ul data-start=\"1724\" data-end=\"1765\">\n<li data-section-id=\"1l5awad\" data-start=\"1724\" data-end=\"1765\"><span class=\"hover:entity-accent entity-underline inline cursor-pointer align-baseline\"><span class=\"whitespace-normal\">PN-HD 60364-7-712<\/span><\/span><\/li>\n<\/ul>\n<p data-start=\"1767\" data-end=\"1790\">Pomiary obejmuj\u0105 m.in.:<\/p>\n<ul data-start=\"1791\" data-end=\"1879\">\n<li data-section-id=\"5dmig4\" data-start=\"1791\" data-end=\"1816\">uziemienie instalacji<\/li>\n<li data-section-id=\"1itxdt5\" data-start=\"1817\" data-end=\"1847\">ochron\u0119 przeciwpora\u017ceniow\u0105<\/li>\n<li data-section-id=\"8q6oci\" data-start=\"1848\" data-end=\"1879\">zabezpieczenia przepi\u0119ciowe<\/li>\n<\/ul>\n<p data-start=\"1881\" data-end=\"1895\">Zaleca si\u0119:<\/p>\n<ul data-start=\"1896\" data-end=\"1975\">\n<li data-section-id=\"1wbgys\" data-start=\"1896\" data-end=\"1930\">pomiar po wykonaniu instalacji<\/li>\n<li data-section-id=\"y8938x\" data-start=\"1931\" data-end=\"1975\">okresowe kontrole w trakcie eksploatacji<\/li>\n<\/ul>\n<\/div><\/div>\n\n<div class=\"et_pb_accordion_item_4 et_pb_accordion_item et_pb_toggle et_pb_module et_pb_toggle_close et_block_module\"><h5 class=\"et_pb_toggle_title\">Czy instalacja \u0142adowarki (wallboxa) wymaga sprawdzenia instalacji elektrycznej?<\/h5><div class=\"et_pb_toggle_content\"><p data-start=\"333\" data-end=\"440\">Tak. Przed monta\u017cem wallboxa nale\u017cy sprawdzi\u0107, czy instalacja jest przystosowana do dodatkowego obci\u0105\u017cenia.<\/p>\n<p data-start=\"442\" data-end=\"476\">Zakres weryfikacji wynika m.in. z:<\/p>\n<ul data-start=\"477\" data-end=\"560\">\n<li data-section-id=\"15bg0k5\" data-start=\"477\" data-end=\"518\"><span class=\"hover:entity-accent entity-underline inline cursor-pointer align-baseline\"><span class=\"whitespace-normal\">PN-HD 60364<\/span><\/span><\/li>\n<li data-section-id=\"17wgcs5\" data-start=\"519\" data-end=\"560\"><span class=\"hover:entity-accent entity-underline inline cursor-pointer align-baseline\"><span class=\"whitespace-normal\">PN-HD 60364-7-722<\/span><\/span><\/li>\n<\/ul>\n<p data-start=\"562\" data-end=\"584\">Sprawdza si\u0119 m.in.:<\/p>\n<ul data-start=\"585\" data-end=\"672\">\n<li data-section-id=\"knkzex\" data-start=\"585\" data-end=\"608\">przekroje przewod\u00f3w<\/li>\n<li data-section-id=\"ekkc14\" data-start=\"609\" data-end=\"627\">zabezpieczenia<\/li>\n<li data-section-id=\"c3jo08\" data-start=\"628\" data-end=\"642\">uziemienie<\/li>\n<li data-section-id=\"uuf4oq\" data-start=\"643\" data-end=\"672\">mo\u017cliwo\u015bci przy\u0142\u0105czeniowe<\/li>\n<\/ul>\n<\/div><\/div>\n<\/div>\n<\/div>\n<\/div>\n<\/div>\n\n<div class=\"et_pb_section_4 et_pb_section et_section_regular et_block_section\">\n<div class=\"et_pb_row_5 et_pb_row et_flex_row\">\n<div class=\"et_pb_column_9 et_pb_column et_block_column et_pb_column_empty et_pb_css_mix_blend_mode_passthrough et_flex_column_6_24 et_flex_column_12_24_tablet et_flex_column_24_24_phone\"><\/div>\n\n<div class=\"et_pb_column_10 et_pb_column et-last-child et_block_column et_pb_css_mix_blend_mode_passthrough et_flex_column_12_24 et_flex_column_12_24_tablet et_flex_column_24_24_phone\">\n<div class=\"et_pb_text_10 et_pb_text et_pb_bg_layout_light et_pb_module et_block_module preset--module--divi-text--a0d31651-52cb-421e-8f36-fada7e9d07bb\"><\/div>\n\n<div class=\"et_pb_text_11 et_pb_text et_pb_bg_layout_light et_pb_module et_grid_module preset--module--divi-text--3a5fa9a7-7987-4564-89a5-37b87a5b6ad8\"><div class=\"et_pb_text_inner\"><h3>Masz instalacj\u0119 elektryczn\u0105 w \u0141odzi lub okolicach? Chcesz j\u0105 sprawdzi\u0107?<\/h3>\n<\/div><\/div>\n\n<div class=\"et_pb_module et_pb_button_module_wrapper et_pb_button_3_wrapper preset--module--divi-button--a93bd5f4-85ca-4af8-aab9-5954042d5969_wrapper\"><a class=\"et_pb_button_3 et_pb_button et_pb_bg_layout_light et_pb_module et_block_module preset--module--divi-button--a93bd5f4-85ca-4af8-aab9-5954042d5969\" href=\"\">Zadzwo\u0144<\/a><\/div>\n<\/div>\n<\/div>\n<\/div>\n\n<div class=\"et_pb_section_5 et_pb_section et_section_regular et_flex_section\">\n<div class=\"et_pb_row_6 et_pb_row et_flex_row\">\n<div class=\"et_pb_column_11 et_pb_column et-last-child et_flex_column et_pb_css_mix_blend_mode_passthrough et_flex_column_24_24 et_flex_column_24_24_tablet et_flex_column_24_24_phone\">\n<section class=\"et_pb_fullwidth_header_0 et_pb_fullwidth_header et_pb_bg_layout_dark et_pb_text_align_center et_pb_module et_flex_module\"><div class=\"et_pb_fullwidth_header_container center\"><div class=\"header-content-container center\"><div class=\"header-content et_flex_module\"><h1 class=\"et_pb_module_header\">Dlaczego My?<\/h1><div class=\"et_pb_header_content_wrapper\"><p>pomiary zgodne z normami (PN-HD 60364)<\/p>\n<p>protoko\u0142y i dokumentacja po ka\u017cdym zleceniu<\/p>\n<p>do\u015bwiadczenie w instalacjach PV i EV<\/p>\n<p>kontrola jako\u015bci instalacji po wykonawcach<\/p>\n<p>konkretne wnioski i uwagi<\/p>\n<\/div><div class=\"et_pb_header_button_wrapper\"><a class=\"et_pb_button et_pb_more_button et_pb_button_one\" href=\"\">Skontaktuj si\u0119 z nami<\/a><a class=\"et_pb_button et_pb_more_button et_pb_button_two\" href=\"\">Zadzwo\u0144<\/a><\/div><\/div><\/div><\/div><div class=\"et_pb_fullwidth_header_overlay\"><\/div><div class=\"et_pb_fullwidth_header_scroll\"><\/div><\/section>\n<\/div>\n<\/div>\n<\/div>\n\n<div class=\"et_pb_section_6 et_pb_section et_section_regular et_block_section\">\n<div class=\"et_pb_row_7 et_pb_row et_block_row\">\n<div class=\"et_pb_column_12 et_pb_column et_pb_column_2_3 et_block_column et_pb_css_mix_blend_mode_passthrough\">\n<div class=\"et_pb_text_12 et_pb_text et_pb_bg_layout_light et_pb_module et_block_module preset--module--divi-text--3a5fa9a7-7987-4564-89a5-37b87a5b6ad8\"><div class=\"et_pb_text_inner\"><h3>Masz k\u0142opot ze swoj\u0105 instalacj\u0105 elektryczn\u0105? Szukasz porady?<\/h3>\n<p>&nbsp;<\/p>\n<\/div><\/div>\n<\/div>\n\n<div class=\"et_pb_column_13 et_pb_column et_pb_column_1_3 et-last-child et_block_column et_pb_css_mix_blend_mode_passthrough\">\n<div class=\"et_pb_module et_pb_button_module_wrapper et_pb_button_4_wrapper preset--module--divi-button--363528df-7a78-4b8b-b056-96826b579607_wrapper\"><a class=\"et_pb_button_4 et_pb_button et_pb_bg_layout_light et_pb_module et_block_module preset--module--divi-button--363528df-7a78-4b8b-b056-96826b579607\" href=\"\">Skontaktuj si\u0119 z Nami<\/a><\/div>\n<\/div>\n<\/div>\n\n<div class=\"et_pb_row_8 et_pb_row et_block_row\">\n<div class=\"et_pb_column_14 et_pb_column et_pb_column_1_3 et_block_column et_pb_css_mix_blend_mode_passthrough\">\n<div class=\"et_pb_image_3 et_pb_image et_pb_module et_block_module\"><span class=\"et_pb_image_wrap\"><img loading=\"lazy\" decoding=\"async\" src=\"https:\/\/www.voltak.pl\/wp-content\/uploads\/2026\/04\/divi-logo-mark-black.png\" width=\"400\" height=\"400\" srcset=\"https:\/\/www.voltak.pl\/wp-content\/uploads\/2026\/04\/divi-logo-mark-black.png 400w, https:\/\/www.voltak.pl\/wp-content\/uploads\/2026\/04\/divi-logo-mark-black-300x300.png 300w, https:\/\/www.voltak.pl\/wp-content\/uploads\/2026\/04\/divi-logo-mark-black-150x150.png 150w\" sizes=\"(max-width: 400px) 100vw, 400px\" class=\"wp-image-11\" title=\"divi-logo-mark-black\" \/><\/span><\/div>\n\n<div class=\"et_pb_text_13 et_pb_text et_pb_bg_layout_light et_pb_module et_block_module preset--module--divi-text--a0d31651-52cb-421e-8f36-fada7e9d07bb\"><div class=\"et_pb_text_inner\"><h5>VOLTAK \u0141\u00f3d\u017a<\/h5>\n<\/div><\/div>\n<\/div>\n\n<div class=\"et_pb_column_15 et_pb_column et_pb_column_1_3 et_block_column et_pb_css_mix_blend_mode_passthrough\">\n<div class=\"et_pb_text_14 et_pb_text et_pb_bg_layout_light et_pb_module et_block_module preset--module--divi-text--a0d31651-52cb-421e-8f36-fada7e9d07bb\"><div class=\"et_pb_text_inner\"><h5><a href=\"#\"><span class=\"a_GcMg font-feature-liga-off font-feature-clig-off font-feature-calt-off text-decoration-none text-strikethrough-none\">+48 602 702 725<\/span><\/a><\/h5>\n<\/div><\/div>\n\n<div class=\"et_pb_text_15 et_pb_text et_pb_bg_layout_light et_pb_module et_block_module preset--module--divi-text--a0d31651-52cb-421e-8f36-fada7e9d07bb\"><div class=\"et_pb_text_inner\"><h5>biuro@voltak.pl<\/h5>\n<\/div><\/div>\n<\/div>\n\n<div class=\"et_pb_column_16 et_pb_column et_pb_column_1_3 et-last-child et_block_column et_pb_column_empty et_pb_css_mix_blend_mode_passthrough\"><\/div>\n<\/div>\n\n<div class=\"et_pb_row_9 et_pb_row et-vb-row--no-module et_block_row\">\n<div class=\"et_pb_column_17 et_pb_column et_pb_column_4_4 et-last-child et_block_column et_pb_column_empty et_pb_css_mix_blend_mode_passthrough\"><\/div>\n<\/div>\n<\/div>","protected":false},"excerpt":{"rendered":"","protected":false},"author":1,"featured_media":0,"parent":0,"menu_order":0,"comment_status":"closed","ping_status":"closed","template":"","meta":{"footnotes":""},"class_list":["post-8","page","type-page","status-publish","hentry"],"_links":{"self":[{"href":"https:\/\/www.voltak.pl\/index.php\/wp-json\/wp\/v2\/pages\/8","targetHints":{"allow":["GET"]}}],"collection":[{"href":"https:\/\/www.voltak.pl\/index.php\/wp-json\/wp\/v2\/pages"}],"about":[{"href":"https:\/\/www.voltak.pl\/index.php\/wp-json\/wp\/v2\/types\/page"}],"author":[{"embeddable":true,"href":"https:\/\/www.voltak.pl\/index.php\/wp-json\/wp\/v2\/users\/1"}],"replies":[{"embeddable":true,"href":"https:\/\/www.voltak.pl\/index.php\/wp-json\/wp\/v2\/comments?post=8"}],"version-history":[{"count":11,"href":"https:\/\/www.voltak.pl\/index.php\/wp-json\/wp\/v2\/pages\/8\/revisions"}],"predecessor-version":[{"id":61,"href":"https:\/\/www.voltak.pl\/index.php\/wp-json\/wp\/v2\/pages\/8\/revisions\/61"}],"wp:attachment":[{"href":"https:\/\/www.voltak.pl\/index.php\/wp-json\/wp\/v2\/media?parent=8"}],"curies":[{"name":"wp","href":"https:\/\/api.w.org\/{rel}","templated":true}]}}